{"id":7,"date":"2021-06-14T10:37:30","date_gmt":"2021-06-14T10:37:30","guid":{"rendered":"http:\/\/www.palenicevanek.cz\/?page_id=7"},"modified":"2026-04-11T07:54:18","modified_gmt":"2026-04-11T07:54:18","slug":"7-2","status":"publish","type":"page","link":"https:\/\/www.palenicevanek.cz\/","title":{"rendered":"Home"},"content":{"rendered":"\n<h1 class=\"has-text-align-center\">P\u011bstitelsk\u00e1 p\u00e1lenice<\/h1>\n\n\n\n<div class=\"wp-block-image is-style-rounded\"><figure class=\"aligncenter size-large is-resized\"><img loading=\"lazy\" src=\"https:\/\/www.palenicevanek.cz\/wp-content\/uploads\/2021\/06\/palenice3.jpg\" alt=\"\" class=\"wp-image-8\" width=\"493\" height=\"390\"\/><figcaption>Sez\u00f3na 2025 &#8211; 2026 zah\u00e1jena 4. srpna 2025<br>Sez\u00f3na bude ukon\u010dena 16. dubna 2026<br><br> <br><\/figcaption><\/figure><\/div>\n\n\n\n<p><\/p>\n\n\n\n<p><\/p>\n\n\n\n<p class=\"has-text-align-center\"><\/p>\n","protected":false},"excerpt":{"rendered":"<p>P\u011bstitelsk\u00e1 p\u00e1lenice<\/p>\n","protected":false},"author":1,"featured_media":0,"parent":0,"menu_order":0,"comment_status":"closed","ping_status":"closed","template":"","meta":[],"_links":{"self":[{"href":"https:\/\/www.palenicevanek.cz\/index.php\/wp-json\/wp\/v2\/pages\/7"}],"collection":[{"href":"https:\/\/www.palenicevanek.cz\/index.php\/wp-json\/wp\/v2\/pages"}],"about":[{"href":"https:\/\/www.palenicevanek.cz\/index.php\/wp-json\/wp\/v2\/types\/page"}],"author":[{"embeddable":true,"href":"https:\/\/www.palenicevanek.cz\/index.php\/wp-json\/wp\/v2\/users\/1"}],"replies":[{"embeddable":true,"href":"https:\/\/www.palenicevanek.cz\/index.php\/wp-json\/wp\/v2\/comments?post=7"}],"version-history":[{"count":28,"href":"https:\/\/www.palenicevanek.cz\/index.php\/wp-json\/wp\/v2\/pages\/7\/revisions"}],"predecessor-version":[{"id":118,"href":"https:\/\/www.palenicevanek.cz\/index.php\/wp-json\/wp\/v2\/pages\/7\/revisions\/118"}],"wp:attachment":[{"href":"https:\/\/www.palenicevanek.cz\/index.php\/wp-json\/wp\/v2\/media?parent=7"}],"curies":[{"name":"wp","href":"https:\/\/api.w.org\/{rel}","templated":true}]}}